{"id":4182,"date":"2015-06-20T16:11:19","date_gmt":"2015-06-20T16:11:19","guid":{"rendered":"http:\/\/wolframmedikal.com\/?page_id=4182"},"modified":"2022-12-24T23:28:15","modified_gmt":"2022-12-24T23:28:15","slug":"kurumsal","status":"publish","type":"page","link":"https:\/\/wolframmedikal.com\/index.php\/kurumsal\/","title":{"rendered":"Kurumsal"},"content":{"rendered":"<section class=\"wpb-content-wrapper\"><p>[vc_row content_placement=&#8221;middle&#8221; gap=&#8221;0&#8243; css=&#8221;.vc_custom_1601460591815{margin-top: -20px !important;margin-bottom: 50px !important;background: #f0f2f5 url(http:\/\/wolframmedikal.com\/wp-content\/uploads\/2020\/08\/gray-rounds.png?id=16781) !important;background-position: 0 0 !important;background-repeat: no-repeat !important;}&#8221; el_class=&#8221;bg-right banner-radius&#8221;][vc_column width=&#8221;1\/2&#8243; css=&#8221;.vc_custom_1599461313455{padding-top: 30px !important;padding-bottom: 30px !important;padding-left: 5% !important;}&#8221;][vc_column_text css=&#8221;.vc_custom_1671667544144{margin-bottom: 0px !important;}&#8221;]<\/p>\n<p style=\"margin-bottom: 15px;\"><img decoding=\"async\" class=\"size-full wp-image-16783 alignnone\" src=\"http:\/\/wolframmedikal.com\/wp-content\/uploads\/2022\/11\/logo.png\" width=\"220px\" height=\"auto\" \/><\/p>\n<h2 class=\"h1-big\" style=\"margin-bottom: 25px;\">Sefak\u00f6y Medikal Merkezi Wolfram<\/h2>\n<ul class=\"ul-style-none style-horizontal font-bold body-color\" style=\"margin-bottom: 25px; font-size: 18px;\">\n<li><img loading=\"lazy\" decoding=\"async\" class=\"size-full wp-image-17182 alignnone\" src=\"http:\/\/wolframmedikal.com\/wp-content\/uploads\/2020\/09\/truck.png\" alt=\"\" width=\"20\" height=\"21\" \/>Her zaman zaman\u0131nda!<\/li>\n<li><img loading=\"lazy\" decoding=\"async\" class=\"size-full wp-image-17181 alignnone\" src=\"http:\/\/wolframmedikal.com\/wp-content\/uploads\/2020\/09\/package.png\" alt=\"\" width=\"20\" height=\"21\" \/>Kaliteli ve orijinal \u00fcr\u00fcnler ile<\/li>\n<\/ul>\n<p>[\/vc_column_text][\/vc_column][vc_column width=&#8221;1\/2&#8243; css=&#8221;.vc_custom_1596622644623{padding-top: 20px !important;}&#8221;][vc_single_image image=&#8221;17183&#8243; img_size=&#8221;full&#8221; alignment=&#8221;center&#8221; css=&#8221;.vc_custom_1601460156598{margin-bottom: 0px !important;}&#8221;][\/vc_column][\/vc_row][vc_row][vc_column offset=&#8221;vc_hidden-md vc_hidden-sm vc_hidden-xs&#8221;][vc_empty_space height=&#8221;30px&#8221;][\/vc_column][\/vc_row][vc_row css=&#8221;.vc_custom_1599461007416{margin-bottom: 20px !important;}&#8221; el_class=&#8221;mobile-border-0&#8243;][vc_column][vc_custom_heading text=&#8221;T\u0131bbi teknoloji ve medikalde<br \/>\nen iyi ekipman tedarik\u00e7isi&#8221; font_container=&#8221;tag:h2|text_align:center&#8221; use_theme_fonts=&#8221;yes&#8221; el_class=&#8221;h1-big&#8221;][vc_column_text css=&#8221;.vc_custom_1671668092818{margin-bottom: 50px !important;}&#8221;]<\/p>\n<p class=\"h3 font-normal body-color\" style=\"text-align: center; font-size: 17px;\">Wolfram Medikal, t\u0131bbi teknoloji ve medikal ekipman tedarik hizmetini sunarak, insanlar\u0131n ya\u015famlar\u0131n\u0131 iyile\u015ftirmeyi hedeflemektedir. Modern sa\u011fl\u0131k teknikleri ile en iyi \u015fekilde \u00fcr\u00fcn tedari\u011fi ger\u00e7ekle\u015ftirirken; \u00e7e\u015fitli \u00fcr\u00fcn gruplar\u0131m\u0131zla alternatif \u00fcr\u00fcnler sunmakta, \u00e7evreye ve insan haklar\u0131na ba\u011fl\u0131 bir etik ticaret ahlak\u0131n\u0131 benimseyerek de\u011fer yarg\u0131lar\u0131ndan \u00f6d\u00fcn vermeden yolculu\u011funa devam etmektedir.<\/p>\n<p>[\/vc_column_text][vc_row_inner][vc_column_inner offset=&#8221;vc_hidden-md vc_hidden-sm vc_hidden-xs&#8221;][vc_empty_space height=&#8221;30px&#8221;][\/vc_column_inner][\/vc_row_inner][vc_row_inner el_class=&#8221;group-features&#8221;][vc_column_inner width=&#8221;1\/3&#8243; css=&#8221;.vc_custom_1599460449815{border-right-width: 1px !important;border-right-color: #f0f2f5 !important;border-right-style: solid !important;}&#8221;]\t<div class=\"ts-feature-wrapper  vertical-icon text-default\">\n\t\t\n\t\t<div class=\"feature-content\">\n\t\t\t\n\t\t\t\t\t\t<a style=\"color: #ff9923\" target=\"_blank\" class=\"feature-icon\" href=\"javascript: void(0)\">\n\t\t\t\t<i class=\"fas fa-medal\"><\/i>\n\t\t\t<\/a>\n\t\t\t\t\t\t\n\t\t\t<div class=\"feature-header\">\n\t\t\t\t\n\t\t\t\t\t\t\t\t<h4 class=\"feature-title heading-title entry-title\">\n\t\t\t\t\t<a target=\"_blank\" href=\"javascript: void(0)\">100% Orijinal ve<br \/>\nKaliteli \u00dcr\u00fcnler<\/a>\n\t\t\t\t<\/h4>\n\t\t\t\t\t\t\t\t\n\t\t\t\t\t\t\t\n\t\t\t\t\t\t\t\t<div class=\"feature-excerpt\">\n\t\t\t\t\tT\u00fcm \u00fcr\u00fcnlerde y\u00fcksek kalite ve<br \/>\ng\u00fcvenilir tedarik hizmeti\t\t\t\t<\/div>\n\t\t\t\t\t\t\t\t\t\n\t\t\t<\/div>\n\t\t<\/div>\n\t<\/div>\n\t[vc_empty_space height=&#8221;30px&#8221;][\/vc_column_inner][vc_column_inner width=&#8221;1\/3&#8243; css=&#8221;.vc_custom_1599460464182{border-right-width: 1px !important;border-right-color: #f0f2f5 !important;border-right-style: solid !important;}&#8221;]\t<div class=\"ts-feature-wrapper  vertical-icon text-default\">\n\t\t\n\t\t<div class=\"feature-content\">\n\t\t\t\n\t\t\t\t\t\t<a style=\"color: #ff9923\" target=\"_blank\" class=\"feature-icon\" href=\"javascript: void(0)\">\n\t\t\t\t<i class=\"fas fa-universal-access\"><\/i>\n\t\t\t<\/a>\n\t\t\t\t\t\t\n\t\t\t<div class=\"feature-header\">\n\t\t\t\t\n\t\t\t\t\t\t\t\t<h4 class=\"feature-title heading-title entry-title\">\n\t\t\t\t\t<a target=\"_blank\" href=\"javascript: void(0)\">Sefak\u00f6y'\u00fcn en b\u00fcy\u00fck<br \/>\nmedikal merkezi<\/a>\n\t\t\t\t<\/h4>\n\t\t\t\t\t\t\t\t\n\t\t\t\t\t\t\t\n\t\t\t\t\t\t\t\t<div class=\"feature-excerpt\">\n\t\t\t\t\tK\u00fc\u00e7\u00fck\u00e7ekmece Sefak\u00f6y'\u00fcn<br \/>\nihtiya\u00e7 duydu\u011fu medikal tedarik\u00e7i\t\t\t\t<\/div>\n\t\t\t\t\t\t\t\t\t\n\t\t\t<\/div>\n\t\t<\/div>\n\t<\/div>\n\t[vc_empty_space height=&#8221;30px&#8221;][\/vc_column_inner][vc_column_inner width=&#8221;1\/3&#8243;]\t<div class=\"ts-feature-wrapper  vertical-icon text-default\">\n\t\t\n\t\t<div class=\"feature-content\">\n\t\t\t\n\t\t\t\t\t\t<a style=\"color: #ff9923\" target=\"_blank\" class=\"feature-icon\" href=\"javascript: void(0)\">\n\t\t\t\t<i class=\"fas fa-phone-volume\"><\/i>\n\t\t\t<\/a>\n\t\t\t\t\t\t\n\t\t\t<div class=\"feature-header\">\n\t\t\t\t\n\t\t\t\t\t\t\t\t<h4 class=\"feature-title heading-title entry-title\">\n\t\t\t\t\t<a target=\"_blank\" href=\"javascript: void(0)\">Bir telefon kadar<br \/>\nuza\u011f\u0131n\u0131zday\u0131z<\/a>\n\t\t\t\t<\/h4>\n\t\t\t\t\t\t\t\t\n\t\t\t\t\t\t\t\n\t\t\t\t\t\t\t\t<div class=\"feature-excerpt\">\n\t\t\t\t\tCanl\u0131 destek hatt\u0131 ile Wolfram<br \/>\nbir telefon kadar uza\u011f\u0131n\u0131zda\t\t\t\t<\/div>\n\t\t\t\t\t\t\t\t\t\n\t\t\t<\/div>\n\t\t<\/div>\n\t<\/div>\n\t[vc_empty_space height=&#8221;30px&#8221;][\/vc_column_inner][\/vc_row_inner][\/vc_column][\/vc_row][vc_row][vc_column offset=&#8221;vc_hidden-md vc_hidden-sm vc_hidden-xs&#8221;][vc_empty_space height=&#8221;30px&#8221;][\/vc_column][\/vc_row][vc_row full_width=&#8221;stretch_row&#8221; css=&#8221;.vc_custom_1601460511414{margin-bottom: 50px !important;padding-top: 40px !important;padding-bottom: 50px !important;background-image: url(http:\/\/wolframmedikal.com\/wp-content\/uploads\/2020\/08\/Mask-Group.jpg?id=16864) !important;background-position: center !important;background-repeat: no-repeat !important;background-size: cover !important;}&#8221; el_class=&#8221;bg-right&#8221;][vc_column offset=&#8221;vc_col-lg-5 vc_col-md-6&#8243;][vc_row_inner][vc_column_inner offset=&#8221;vc_hidden-md vc_hidden-sm vc_hidden-xs&#8221;][vc_empty_space height=&#8221;30px&#8221;][\/vc_column_inner][\/vc_row_inner][vc_column_text css=&#8221;.vc_custom_1671668430795{margin-bottom: 0px !important;}&#8221; el_class=&#8221;text-light&#8221;]<\/p>\n<h2 class=\"h1-big\" style=\"margin-bottom: 25px;\">Binlerce \u00fcr\u00fcn \u00e7e\u015fidinde en iyi fiyat garantisi<\/h2>\n<p class=\"h4 font-normal\" style=\"margin-bottom: 35px; line-height: 32px;\">Sefak\u00f6y&#8217;\u00fcn en b\u00fcy\u00fck medikal merkezi Wolfram&#8217;da geni\u015f \u00e7e\u015fit, y\u00fcksek kalite ve en iyi fiyat<\/p>\n<p><a class=\"button\" style=\"background: #103178; color: #ffffff; border-color: #103178;\" href=\"http:\/\/wolframmedikal.com\/iletisim\/\">Bize Ula\u015f\u0131n<\/a>[\/vc_column_text][vc_row_inner][vc_column_inner offset=&#8221;vc_hidden-md vc_hidden-sm vc_hidden-xs&#8221;][vc_empty_space height=&#8221;30px&#8221;][\/vc_column_inner][\/vc_row_inner][\/vc_column][vc_column css=&#8221;.vc_custom_1601520445360{padding-top: 20px !important;}&#8221; offset=&#8221;vc_col-lg-7 vc_col-md-6&#8243;][\/vc_column][\/vc_row][vc_row][vc_column offset=&#8221;vc_hidden-md vc_hidden-sm vc_hidden-xs&#8221;][vc_empty_space height=&#8221;30px&#8221;][\/vc_column][\/vc_row][vc_row css=&#8221;.vc_custom_1604285148356{border-bottom-width: 1px !important;border-bottom-color: #f0f2f5 !important;}&#8221;][vc_column][vc_custom_heading text=&#8221;Sefak\u00f6y Medikal<br \/>\nbir telefon uza\u011f\u0131n\u0131zda&#8221; font_container=&#8221;tag:h2|text_align:center&#8221; use_theme_fonts=&#8221;yes&#8221; el_class=&#8221;h1-big&#8221; css=&#8221;.vc_custom_1671668813177{margin-bottom: 30px !important;}&#8221;][vc_row_inner][vc_column_inner offset=&#8221;vc_hidden-md vc_hidden-sm vc_hidden-xs&#8221;][vc_empty_space height=&#8221;20px&#8221;][\/vc_column_inner][\/vc_row_inner][vc_row_inner equal_height=&#8221;yes&#8221; content_placement=&#8221;middle&#8221; css=&#8221;.vc_custom_1604287313828{margin-bottom: 20px !important;}&#8221;][vc_column_inner width=&#8221;1\/2&#8243;]\t\t<div class=\"ts-single-image ts-effect-image ts-aligncenter eff-image-scale ts-single-image-1 banner-radius\">\n\t\t\t<div class=\"ts-shortcode-custom-style hidden\">.ts-single-image-1:hover .overlay{background-color:#ffffff}<\/div>\t\t\t<a title=\"MyMedi\" target=\"_blank\" class=\"image-link\" href=\"\" >\n\t\t\t\t<img loading=\"lazy\" decoding=\"async\" width=\"606\" height=\"384\" src=\"https:\/\/wolframmedikal.com\/wp-content\/uploads\/2022\/12\/sefakoy-medikal.webp\" class=\"img\" alt=\"\" srcset=\"https:\/\/wolframmedikal.com\/wp-content\/uploads\/2022\/12\/sefakoy-medikal.webp 606w, https:\/\/wolframmedikal.com\/wp-content\/uploads\/2022\/12\/sefakoy-medikal-300x190.webp 300w, https:\/\/wolframmedikal.com\/wp-content\/uploads\/2022\/12\/sefakoy-medikal-600x380.webp 600w, https:\/\/wolframmedikal.com\/wp-content\/uploads\/2022\/12\/sefakoy-medikal-310x196.webp 310w\" sizes=\"auto, (max-width: 606px) 100vw, 606px\" \/>\t\t\t\t<span class=\"overlay\"><\/span>\n\t\t\t<\/a>\n\t\t<\/div>\n\t\t[vc_empty_space height=&#8221;30px&#8221;][\/vc_column_inner][vc_column_inner width=&#8221;1\/2&#8243;][vc_column_text css=&#8221;.vc_custom_1671924086392{margin-bottom: 30px !important;}&#8221;]<\/p>\n<h2>Y\u00fcksek kalite ve t\u00fcm\u00fcyle orjinal medikal \u00fcr\u00fcn tedarik\u00e7isi Wolfram!<\/h2>\n<h3 class=\"font-normal\">Sefak\u00f6y&#8217;\u00fcn En B\u00fcy\u00fck Medikal Merkezi<\/h3>\n<p>K\u00fc\u00e7\u00fck\u00e7ekmece Sefak\u00f6y&#8217;de faaliyet g\u00f6steren Wolfram Medikal, sekt\u00f6rde her zaman yeniliklerin \u00f6nc\u00fcs\u00fc olmu\u015ftur. Medikal pazar\u0131nda yenilik\u00e7i ve sa\u011fl\u0131kodakl\u0131 yakla\u015f\u0131m\u0131yla \u00f6zel ve kamu hastanelerinin Sefak\u00f6y&#8217;de en \u00e7ok tercih etti\u011fi medikal markas\u0131 olmu\u015ftur.<\/p>\n<ul class=\"ul-style check primary-color\" style=\"font-size: 14px; margin-bottom: 20px;\">\n<li>Daima en y\u00fcksek kalite<\/li>\n<li>G\u00fcvenilir tedarik hizmeti<\/li>\n<li>Hasta sa\u011fl\u0131\u011f\u0131n\u0131 \u00f6nceleyen duyarl\u0131 yakla\u0131m<\/li>\n<\/ul>\n<p>[\/vc_column_text][\/vc_column_inner][\/vc_row_inner][vc_row_inner][vc_column_inner offset=&#8221;vc_hidden-md vc_hidden-sm vc_hidden-xs&#8221;][vc_empty_space height=&#8221;30px&#8221;][\/vc_column_inner][\/vc_row_inner][vc_row_inner equal_height=&#8221;yes&#8221; content_placement=&#8221;middle&#8221; css=&#8221;.vc_custom_1604287526037{margin-bottom: 20px !important;}&#8221; el_class=&#8221;mobile-reverse-columns&#8221;][vc_column_inner width=&#8221;1\/2&#8243;][vc_column_text css=&#8221;.vc_custom_1671924492708{margin-bottom: 30px !important;}&#8221;]<\/p>\n<h2>Y\u0131llar\u0131n deneyimi ve y\u00fcksek tedarik\u00e7i g\u00fcveni ile hizmetinizde<\/h2>\n<h3 class=\"font-normal\">Kalite ve g\u00fcven u\u011frunda ge\u00e7en 30 y\u0131l<\/h3>\n<p>Kaliteden \u00f6d\u00fcn vermeyen sa\u011fl\u0131k kurumlar\u0131 ve \u00fcreticiler ile g\u00fcvenilir i\u015fbirlikleri yaparak; Sefak\u00f6y ve \u00e7evresindeki t\u00fcm sa\u011fl\u0131k kurulu\u015flar\u0131 ve hastalar i\u00e7in mevcut \u00fcr\u00fcn portf\u00f6y\u00fcm\u00fcz\u00fc art\u0131rmak, ortak fayda sa\u011flamak amac\u0131yla hareket etmeye devam ediyoruz.<\/p>\n<ul class=\"ul-style check primary-color\" style=\"font-size: 14px; margin-bottom: 20px;\">\n<li>30 y\u0131ll\u0131k deneyim<\/li>\n<li>\u00d6ncelik kalite ve g\u00fcven<\/li>\n<li>Toplum sa\u011fl\u0131\u011f\u0131 i\u00e7in ortak \u00e7aba<\/li>\n<\/ul>\n<p>[\/vc_column_text][\/vc_column_inner][vc_column_inner width=&#8221;1\/2&#8243;]\t\t<div class=\"ts-single-image ts-effect-image ts-aligncenter eff-image-scale ts-single-image-2 banner-radius\">\n\t\t\t<div class=\"ts-shortcode-custom-style hidden\">.ts-single-image-2:hover .overlay{background-color:#ffffff}<\/div>\t\t\t<a title=\"MyMedi\" target=\"_blank\" class=\"image-link\" href=\"\" >\n\t\t\t\t<img loading=\"lazy\" decoding=\"async\" width=\"2000\" height=\"1335\" src=\"https:\/\/wolframmedikal.com\/wp-content\/uploads\/2022\/12\/sefakoy-medikal2.webp\" class=\"img\" alt=\"\" srcset=\"https:\/\/wolframmedikal.com\/wp-content\/uploads\/2022\/12\/sefakoy-medikal2.webp 2000w, https:\/\/wolframmedikal.com\/wp-content\/uploads\/2022\/12\/sefakoy-medikal2-300x200.webp 300w, https:\/\/wolframmedikal.com\/wp-content\/uploads\/2022\/12\/sefakoy-medikal2-1024x684.webp 1024w, https:\/\/wolframmedikal.com\/wp-content\/uploads\/2022\/12\/sefakoy-medikal2-768x513.webp 768w, https:\/\/wolframmedikal.com\/wp-content\/uploads\/2022\/12\/sefakoy-medikal2-1536x1025.webp 1536w, https:\/\/wolframmedikal.com\/wp-content\/uploads\/2022\/12\/sefakoy-medikal2-600x401.webp 600w, https:\/\/wolframmedikal.com\/wp-content\/uploads\/2022\/12\/sefakoy-medikal2-310x207.webp 310w\" sizes=\"auto, (max-width: 2000px) 100vw, 2000px\" \/>\t\t\t\t<span class=\"overlay\"><\/span>\n\t\t\t<\/a>\n\t\t<\/div>\n\t\t[vc_empty_space height=&#8221;30px&#8221;][\/vc_column_inner][\/vc_row_inner][\/vc_column][\/vc_row][vc_row][vc_column offset=&#8221;vc_hidden-md vc_hidden-sm vc_hidden-xs&#8221;][vc_empty_space height=&#8221;30px&#8221;][\/vc_column][\/vc_row][vc_row full_width=&#8221;stretch_row&#8221; css=&#8221;.vc_custom_1596614131475{margin-bottom: 50px !important;padding-top: 60px !important;padding-bottom: 60px !important;background: #fdf6ed url(http:\/\/wolframmedikal.com\/wp-content\/uploads\/2020\/08\/rounds.png?id=16757) !important;background-position: 0 0 !important;background-repeat: no-repeat !important;}&#8221; el_class=&#8221;bg-center&#8221;][vc_column]\t\t<div class=\"ts-testimonial-wrapper ts-shortcode columns-5 quote-light partial-view  ts-slider show-dots\" data-columns=\"5\" data-nav=\"0\" data-dots=\"1\" data-autoplay=\"1\">\n\t\t\n\t\t\t\t\t\t<header class=\"shortcode-heading-wrapper\">\n\t\t\t\t<h2 class=\"shortcode-title\">\n\t\t\t\t\t<img loading=\"lazy\" decoding=\"async\" width=\"47\" height=\"28\" src=\"https:\/\/wolframmedikal.com\/wp-content\/uploads\/2020\/08\/quote-icon.png\" class=\"\" alt=\"icon\" \/>Bizi Tercih Edenler\t\t\t\t<\/h2>\n\t\t\t<\/header>\n\t\t\t\t\n\t\t\t<div class=\"items loading\">\n\t\t\t\t\t\t\t<div class=\"item\">\n\t\t\t\t\t<blockquote>\n\n\t\t\t\t\t\t<div class=\"content\">\n\t\t\t\t\t\t\tSefak\u00f6y medikal denince akla buras\u0131 geliyor. Hizmet \u00e7ok iyi.\t\t\t\t\t\t<\/div>\n\t\t\t\t\t\t\n\t\t\t\t\t\t<div class=\"author-role\">\n\t\t\t\t\t\t\n\t\t\t\t\t\t\t\t\t\t\t\t\t\t\n\t\t\t\t\t\t\t\t\t\t\t\t\t\t<span class=\"author\">\n\t\t\t\t\t\t\t\t<a href=\"#\" target=\"_blank\">Hasan K.<\/a>\n\t\t\t\t\t\t\t<\/span>\n\t\t\t\t\t\t\t\t\t\t\t\t\t\t\n\t\t\t\t\t\t\t\t\t\t\t\t\t\t\n\t\t\t\t\t\t\t\t\t\t\t\t\t\t\n\t\t\t\t\t\t\t\t\t\t\t\t\t\t<div class=\"rating\" title=\"Rated 5 out of 5\">\n\t\t\t\t\t\t\t\t<span style=\"width: 100%\">Rated 5 out of 5<\/span>\n\t\t\t\t\t\t\t<\/div>\n\t\t\t\t\t\t\t\t\t\t\t\t\t<\/div>\n\t\t\t\t\t\n\t\t\t\t\t<\/blockquote>\n\t\t\t\t<\/div>\n\t\t\t\t\t\t\t\t<div class=\"item\">\n\t\t\t\t\t<blockquote>\n\n\t\t\t\t\t\t<div class=\"content\">\n\t\t\t\t\t\t\tK\u00fc\u00e7\u00fck\u00e7ekmece'de medikal \u00fcr\u00fcnleri bulabilece\u011finiz en iyi yer buras\u0131, herkese sa\u011fl\u0131k diliyorum.\t\t\t\t\t\t<\/div>\n\t\t\t\t\t\t\n\t\t\t\t\t\t<div class=\"author-role\">\n\t\t\t\t\t\t\n\t\t\t\t\t\t\t\t\t\t\t\t\t\t\n\t\t\t\t\t\t\t\t\t\t\t\t\t\t<span class=\"author\">\n\t\t\t\t\t\t\t\t<a href=\"#\" target=\"_blank\">Ay\u015fen \u00d6.<\/a>\n\t\t\t\t\t\t\t<\/span>\n\t\t\t\t\t\t\t\t\t\t\t\t\t\t\n\t\t\t\t\t\t\t\t\t\t\t\t\t\t\n\t\t\t\t\t\t\t\t\t\t\t\t\t\t\n\t\t\t\t\t\t\t\t\t\t\t\t\t\t<div class=\"rating\" title=\"Rated 5 out of 5\">\n\t\t\t\t\t\t\t\t<span style=\"width: 100%\">Rated 5 out of 5<\/span>\n\t\t\t\t\t\t\t<\/div>\n\t\t\t\t\t\t\t\t\t\t\t\t\t<\/div>\n\t\t\t\t\t\n\t\t\t\t\t<\/blockquote>\n\t\t\t\t<\/div>\n\t\t\t\t\t\t\t\t<div class=\"item\">\n\t\t\t\t\t<blockquote>\n\n\t\t\t\t\t\t<div class=\"content\">\n\t\t\t\t\t\t\tSefak\u00f6y'deki hastanemizin t\u00fcm ihtiya\u00e7lar\u0131 i\u00e7in kendileri ile \u00e7al\u0131\u015f\u0131yoruz. \u00c7ok te\u015fekk\u00fcrler bug\u00fcne de\u011fin sunduklar\u0131 kaliteli hizmet i\u00e7in.\t\t\t\t\t\t<\/div>\n\t\t\t\t\t\t\n\t\t\t\t\t\t<div class=\"author-role\">\n\t\t\t\t\t\t\n\t\t\t\t\t\t\t\t\t\t\t\t\t\t\n\t\t\t\t\t\t\t\t\t\t\t\t\t\t<span class=\"author\">\n\t\t\t\t\t\t\t\t<a href=\"#\" target=\"_blank\">Kamuran Z.<\/a>\n\t\t\t\t\t\t\t<\/span>\n\t\t\t\t\t\t\t\t\t\t\t\t\t\t\n\t\t\t\t\t\t\t\t\t\t\t\t\t\t\n\t\t\t\t\t\t\t\t\t\t\t\t\t\t\n\t\t\t\t\t\t\t\t\t\t\t\t\t\t<div class=\"rating\" title=\"Rated 5 out of 5\">\n\t\t\t\t\t\t\t\t<span style=\"width: 100%\">Rated 5 out of 5<\/span>\n\t\t\t\t\t\t\t<\/div>\n\t\t\t\t\t\t\t\t\t\t\t\t\t<\/div>\n\t\t\t\t\t\n\t\t\t\t\t<\/blockquote>\n\t\t\t\t<\/div>\n\t\t\t\t\t\t\t\t<div class=\"item\">\n\t\t\t\t\t<blockquote>\n\n\t\t\t\t\t\t<div class=\"content\">\n\t\t\t\t\t\t\tAnnemin ortopedik ihtiya\u00e7lar\u0131n\u0131 kar\u015f\u0131lad\u0131k, fiyat ve \u00fcr\u00fcn \u00e7e\u015fitlili\u011fi a\u00e7\u0131s\u0131ndan di\u011fer medikallerden daha iyi.\t\t\t\t\t\t<\/div>\n\t\t\t\t\t\t\n\t\t\t\t\t\t<div class=\"author-role\">\n\t\t\t\t\t\t\n\t\t\t\t\t\t\t\t\t\t\t\t\t\t\n\t\t\t\t\t\t\t\t\t\t\t\t\t\t<span class=\"author\">\n\t\t\t\t\t\t\t\t<a href=\"#\" target=\"_blank\">S\u00fcmeyye \u00d6.<\/a>\n\t\t\t\t\t\t\t<\/span>\n\t\t\t\t\t\t\t\t\t\t\t\t\t\t\n\t\t\t\t\t\t\t\t\t\t\t\t\t\t\n\t\t\t\t\t\t\t\t\t\t\t\t\t\t\n\t\t\t\t\t\t\t\t\t\t\t\t\t\t<div class=\"rating\" title=\"Rated 4.5 out of 5\">\n\t\t\t\t\t\t\t\t<span style=\"width: 90%\">Rated 4.5 out of 5<\/span>\n\t\t\t\t\t\t\t<\/div>\n\t\t\t\t\t\t\t\t\t\t\t\t\t<\/div>\n\t\t\t\t\t\n\t\t\t\t\t<\/blockquote>\n\t\t\t\t<\/div>\n\t\t\t\t\t\t\t\t<div class=\"item\">\n\t\t\t\t\t<blockquote>\n\n\t\t\t\t\t\t<div class=\"content\">\n\t\t\t\t\t\t\tSefak\u00f6y'\u00fcn en iyi medikali buras\u0131 kesinlikle. G\u00fclery\u00fczl\u00fc ve g\u00fcvenilir insanlar.\t\t\t\t\t\t<\/div>\n\t\t\t\t\t\t\n\t\t\t\t\t\t<div class=\"author-role\">\n\t\t\t\t\t\t\n\t\t\t\t\t\t\t\t\t\t\t\t\t\t\n\t\t\t\t\t\t\t\t\t\t\t\t\t\t<span class=\"author\">\n\t\t\t\t\t\t\t\t<a href=\"#\" target=\"_blank\">Emine Y.<\/a>\n\t\t\t\t\t\t\t<\/span>\n\t\t\t\t\t\t\t\t\t\t\t\t\t\t\n\t\t\t\t\t\t\t\t\t\t\t\t\t\t\n\t\t\t\t\t\t\t\t\t\t\t\t\t\t\n\t\t\t\t\t\t\t\t\t\t\t\t\t\t<div class=\"rating\" title=\"Rated 5 out of 5\">\n\t\t\t\t\t\t\t\t<span style=\"width: 100%\">Rated 5 out of 5<\/span>\n\t\t\t\t\t\t\t<\/div>\n\t\t\t\t\t\t\t\t\t\t\t\t\t<\/div>\n\t\t\t\t\t\n\t\t\t\t\t<\/blockquote>\n\t\t\t\t<\/div>\n\t\t\t\t\t\t\t\t<div class=\"item\">\n\t\t\t\t\t<blockquote>\n\n\t\t\t\t\t\t<div class=\"content\">\n\t\t\t\t\t\t\tK\u00fc\u00e7\u00fck\u00e7ekmece boyunca arad\u0131\u011f\u0131m \u00fcr\u00fcnleri bulabildi\u011fim tek medikal buras\u0131 oldu. \u00c7e\u015fitlilik, stok, fiyatlar genel itibari ile iyi.\t\t\t\t\t\t<\/div>\n\t\t\t\t\t\t\n\t\t\t\t\t\t<div class=\"author-role\">\n\t\t\t\t\t\t\n\t\t\t\t\t\t\t\t\t\t\t\t\t\t\n\t\t\t\t\t\t\t\t\t\t\t\t\t\t<span class=\"author\">\n\t\t\t\t\t\t\t\t<a href=\"#\" target=\"_blank\">\u0130lker T.<\/a>\n\t\t\t\t\t\t\t<\/span>\n\t\t\t\t\t\t\t\t\t\t\t\t\t\t\n\t\t\t\t\t\t\t\t\t\t\t\t\t\t\n\t\t\t\t\t\t\t\t\t\t\t\t\t\t\n\t\t\t\t\t\t\t\t\t\t\t\t\t\t<div class=\"rating\" title=\"Rated 5 out of 5\">\n\t\t\t\t\t\t\t\t<span style=\"width: 100%\">Rated 5 out of 5<\/span>\n\t\t\t\t\t\t\t<\/div>\n\t\t\t\t\t\t\t\t\t\t\t\t\t<\/div>\n\t\t\t\t\t\n\t\t\t\t\t<\/blockquote>\n\t\t\t\t<\/div>\n\t\t\t\t\t\t\t<\/div>\n\t\t<\/div>\n\t\t[\/vc_column][\/vc_row][vc_row][vc_column offset=&#8221;vc_hidden-md vc_hidden-sm vc_hidden-xs&#8221;][vc_empty_space height=&#8221;30px&#8221;][\/vc_column][\/vc_row]<\/p>\n<\/section>","protected":false},"excerpt":{"rendered":"<p>[vc_row content_placement=&#8221;middle&#8221; gap=&#8221;0&#8243; css=&#8221;.vc_custom_1601460591815{margin-top: -20px !important;margin-bottom: 50px !important;background: #f0f2f5 url(http:\/\/wolframmedikal.com\/wp-content\/uploads\/2020\/08\/gray-rounds.png?id=16781) !important;background-position: 0 0 !important;background-repeat: no-repeat !important;}&#8221; el_class=&#8221;bg-right banner-radius&#8221;][vc_column width=&#8221;1\/2&#8243; css=&#8221;.vc_custom_1599461313455{padding-top: 30px !important;padding-bottom: 30px !important;padding-left: 5% !important;}&#8221;][vc_column_text css=&#8221;.vc_custom_1671667544144{margin-bottom: 0px !important;}&#8221;] Sefak\u00f6y Medikal Merkezi Wolfram Her zaman zaman\u0131nda! Kaliteli ve orijinal \u00fcr\u00fcnler ile [\/vc_column_text][\/vc_column][vc_column width=&#8221;1\/2&#8243; css=&#8221;.vc_custom_1596622644623{padding-top: 20px !important;}&#8221;][vc_single_image image=&#8221;17183&#8243; img_size=&#8221;full&#8221; alignment=&#8221;center&#8221; css=&#8221;.vc_custom_1601460156598{margin-bottom: 0px !important;}&#8221;][\/vc_column][\/vc_row][vc_row][vc_column offset=&#8221;vc_hidden-md vc_hidden-sm vc_hidden-xs&#8221;][vc_empty_space [&hellip;]<\/p>\n","protected":false},"author":1,"featured_media":0,"parent":0,"menu_order":0,"comment_status":"closed","ping_status":"closed","template":"","meta":{"om_disable_all_campaigns":false,"_monsterinsights_skip_tracking":false,"_monsterinsights_sitenote_active":false,"_monsterinsights_sitenote_note":"","_monsterinsights_sitenote_category":0,"_joinchat":[],"footnotes":""},"class_list":["post-4182","page","type-page","status-publish","hentry"],"aioseo_notices":[],"_links":{"self":[{"href":"https:\/\/wolframmedikal.com\/index.php\/wp-json\/wp\/v2\/pages\/4182","targetHints":{"allow":["GET"]}}],"collection":[{"href":"https:\/\/wolframmedikal.com\/index.php\/wp-json\/wp\/v2\/pages"}],"about":[{"href":"https:\/\/wolframmedikal.com\/index.php\/wp-json\/wp\/v2\/types\/page"}],"author":[{"embeddable":true,"href":"https:\/\/wolframmedikal.com\/index.php\/wp-json\/wp\/v2\/users\/1"}],"replies":[{"embeddable":true,"href":"https:\/\/wolframmedikal.com\/index.php\/wp-json\/wp\/v2\/comments?post=4182"}],"version-history":[{"count":14,"href":"https:\/\/wolframmedikal.com\/index.php\/wp-json\/wp\/v2\/pages\/4182\/revisions"}],"predecessor-version":[{"id":17732,"href":"https:\/\/wolframmedikal.com\/index.php\/wp-json\/wp\/v2\/pages\/4182\/revisions\/17732"}],"wp:attachment":[{"href":"https:\/\/wolframmedikal.com\/index.php\/wp-json\/wp\/v2\/media?parent=4182"}],"curies":[{"name":"wp","href":"https:\/\/api.w.org\/{rel}","templated":true}]}}