{"id":17692,"date":"2022-11-23T00:10:24","date_gmt":"2022-11-23T00:10:24","guid":{"rendered":"https:\/\/wolframmedikal.com\/?post_type=product&#038;p=17692"},"modified":"2022-11-23T00:10:24","modified_gmt":"2022-11-23T00:10:24","slug":"3m-steri-strip","status":"publish","type":"product","link":"https:\/\/wolframmedikal.com\/index.php\/product\/3m-steri-strip\/","title":{"rendered":"3M Steri Strip"},"content":{"rendered":"<p>\u0130\u00e7 i\u00e7e ge\u00e7meli bir tasar\u0131ma sahip olan\u00a0<strong>steri strip<\/strong>\u00a0a\u00e7\u0131k derinin kapat\u0131lmas\u0131nda ve yara u\u00e7lar\u0131n\u0131n birle\u015ftirilmesinde kolayl\u0131k sa\u011flar. Anestezi gerektirmeyen bir uygulama \u015fans\u0131 sunan \u00fcr\u00fcn y\u00fcksek gerilimli yaralarda s\u00fctura ilave olarak da kullan\u0131labilir.<\/p>\n<p>Polyester filamentlerle birle\u015ftirilmi\u015f olan yumu\u015fak poli\u00fcreten pedler mevcuttur. Gerginli\u011fin cilde e\u015fit da\u011f\u0131l\u0131m\u0131n\u0131 sa\u011flayan steri strip yara u\u00e7lar\u0131n\u0131 mekanik olarak yakla\u015ft\u0131r\u0131r. Uzun ya da kavisli olan yaralar\u0131n kapat\u0131lmas\u0131nda farkl\u0131 boylar birlikte kullan\u0131labilir.<\/p>\n<p>Diki\u015f at\u0131lmadan yaran\u0131n kapat\u0131lmas\u0131n\u0131 sa\u011flad\u0131\u011f\u0131ndan daha estetik bir g\u00f6r\u00fcn\u00fcm ile iyile\u015fme sunacakt\u0131r. Travma olu\u015fuma yol a\u00e7mayan\u00a0<u>steri strip<\/u>\u00a0enfeksiyon olu\u015fturmaz. Hasta taraf\u0131ndan kolayl\u0131kla \u00e7\u0131kar\u0131labilir ve partik\u00fcl b\u0131rakmaz.<\/p>\n","protected":false},"excerpt":{"rendered":"<p>\u0130\u00e7 i\u00e7e ge\u00e7meli bir tasar\u0131ma sahip olan\u00a0<strong>steri strip<\/strong>\u00a0a\u00e7\u0131k derinin kapat\u0131lmas\u0131nda ve yara u\u00e7lar\u0131n\u0131n birle\u015ftirilmesinde kolayl\u0131k sa\u011flar. Anestezi gerektirmeyen bir uygulama \u015fans\u0131 sunan \u00fcr\u00fcn y\u00fcksek gerilimli yaralarda s\u00fctura ilave olarak da kullan\u0131labilir.<\/p>\n","protected":false},"featured_media":17693,"template":"","meta":{"om_disable_all_campaigns":false,"_monsterinsights_skip_tracking":false,"_monsterinsights_sitenote_active":false,"_monsterinsights_sitenote_note":"","_monsterinsights_sitenote_category":0,"_joinchat":[]},"product_cat":[95,91,111],"product_tag":[],"class_list":{"0":"post-17692","1":"product","2":"type-product","3":"status-publish","4":"has-post-thumbnail","6":"product_cat-bandaj","7":"product_cat-diger","8":"product_cat-yara-bandi","10":"first","11":"instock","12":"shipping-taxable","13":"product-type-simple"},"aioseo_notices":[],"_links":{"self":[{"href":"https:\/\/wolframmedikal.com\/index.php\/wp-json\/wp\/v2\/product\/17692","targetHints":{"allow":["GET"]}}],"collection":[{"href":"https:\/\/wolframmedikal.com\/index.php\/wp-json\/wp\/v2\/product"}],"about":[{"href":"https:\/\/wolframmedikal.com\/index.php\/wp-json\/wp\/v2\/types\/product"}],"wp:featuredmedia":[{"embeddable":true,"href":"https:\/\/wolframmedikal.com\/index.php\/wp-json\/wp\/v2\/media\/17693"}],"wp:attachment":[{"href":"https:\/\/wolframmedikal.com\/index.php\/wp-json\/wp\/v2\/media?parent=17692"}],"wp:term":[{"taxonomy":"product_cat","embeddable":true,"href":"https:\/\/wolframmedikal.com\/index.php\/wp-json\/wp\/v2\/product_cat?post=17692"},{"taxonomy":"product_tag","embeddable":true,"href":"https:\/\/wolframmedikal.com\/index.php\/wp-json\/wp\/v2\/product_tag?post=17692"}],"curies":[{"name":"wp","href":"https:\/\/api.w.org\/{rel}","templated":true}]}}